{"id":19,"date":"2020-07-01T17:29:56","date_gmt":"2020-07-01T15:29:56","guid":{"rendered":"https:\/\/test.te81.fr\/?page_id=19"},"modified":"2026-02-24T12:05:31","modified_gmt":"2026-02-24T11:05:31","slug":"accueil","status":"publish","type":"page","link":"https:\/\/election.te81.fr\/","title":{"rendered":"Elementor #19"},"content":{"rendered":"\t\t<div data-elementor-type=\"wp-page\" data-elementor-id=\"19\" class=\"elementor elementor-19\">\n\t\t\t\t\t\t<section class=\"elementor-section elementor-top-section elementor-element elementor-element-9e1f8ab elementor-section-boxed elementor-section-height-default elementor-section-height-default\" data-id=\"9e1f8ab\" data-element_type=\"section\" data-e-type=\"section\">\n\t\t\t\t\t\t<div class=\"elementor-container elementor-column-gap-default\">\n\t\t\t\t\t<div class=\"elementor-column elementor-col-100 elementor-top-column elementor-element elementor-element-15f1481\" data-id=\"15f1481\" data-element_type=\"column\" data-e-type=\"column\">\n\t\t\t<div class=\"elementor-widget-wrap elementor-element-populated\">\n\t\t\t\t\t\t<div class=\"elementor-element elementor-element-d0f5864 elementor-widget elementor-widget-heading\" data-id=\"d0f5864\" data-element_type=\"widget\" data-e-type=\"widget\" data-widget_type=\"heading.default\">\n\t\t\t\t<div class=\"elementor-widget-container\">\n\t\t\t\t\t<h2 class=\"elementor-heading-title elementor-size-default\">Bienvenue sur la page de recensement des d\u00e9l\u00e9gu\u00e9s au SDET et des conseillers municipaux du Tarn<\/h2>\t\t\t\t<\/div>\n\t\t\t\t<\/div>\n\t\t\t\t\t<\/div>\n\t\t<\/div>\n\t\t\t\t\t<\/div>\n\t\t<\/section>\n\t\t\t\t<section class=\"elementor-section elementor-top-section elementor-element elementor-element-309712b elementor-section-boxed elementor-section-height-default elementor-section-height-default\" data-id=\"309712b\" data-element_type=\"section\" data-e-type=\"section\">\n\t\t\t\t\t\t<div class=\"elementor-container elementor-column-gap-default\">\n\t\t\t\t\t<div class=\"elementor-column elementor-col-100 elementor-top-column elementor-element elementor-element-69df138\" data-id=\"69df138\" data-element_type=\"column\" data-e-type=\"column\">\n\t\t\t<div class=\"elementor-widget-wrap elementor-element-populated\">\n\t\t\t\t\t\t<div class=\"elementor-element elementor-element-1b0edb1 elementor-widget elementor-widget-image\" data-id=\"1b0edb1\" data-element_type=\"widget\" data-e-type=\"widget\" data-widget_type=\"image.default\">\n\t\t\t\t<div class=\"elementor-widget-container\">\n\t\t\t\t\t\t\t\t\t\t\t\t\t\t\t<img fetchpriority=\"high\" decoding=\"async\" width=\"1280\" height=\"720\" src=\"https:\/\/election.te81.fr\/wp-content\/uploads\/2026\/02\/urne-vote.jpeg\" class=\"attachment-full size-full wp-image-124\" alt=\"\" srcset=\"https:\/\/election.te81.fr\/wp-content\/uploads\/2026\/02\/urne-vote.jpeg 1280w, https:\/\/election.te81.fr\/wp-content\/uploads\/2026\/02\/urne-vote-300x169.jpeg 300w, https:\/\/election.te81.fr\/wp-content\/uploads\/2026\/02\/urne-vote-1024x576.jpeg 1024w, https:\/\/election.te81.fr\/wp-content\/uploads\/2026\/02\/urne-vote-768x432.jpeg 768w\" sizes=\"(max-width: 1280px) 100vw, 1280px\" \/>\t\t\t\t\t\t\t\t\t\t\t\t\t\t\t<\/div>\n\t\t\t\t<\/div>\n\t\t\t\t\t<\/div>\n\t\t<\/div>\n\t\t\t\t\t<\/div>\n\t\t<\/section>\n\t\t\t\t<section class=\"elementor-section elementor-top-section elementor-element elementor-element-50a077b elementor-section-boxed elementor-section-height-default elementor-section-height-default\" data-id=\"50a077b\" data-element_type=\"section\" data-e-type=\"section\">\n\t\t\t\t\t\t<div class=\"elementor-container elementor-column-gap-default\">\n\t\t\t\t\t<div class=\"elementor-column elementor-col-100 elementor-top-column elementor-element elementor-element-20e1404\" data-id=\"20e1404\" data-element_type=\"column\" data-e-type=\"column\">\n\t\t\t<div class=\"elementor-widget-wrap elementor-element-populated\">\n\t\t\t\t\t\t<div class=\"elementor-element elementor-element-b21069f elementor-widget elementor-widget-text-editor\" data-id=\"b21069f\" data-element_type=\"widget\" data-e-type=\"widget\" data-widget_type=\"text-editor.default\">\n\t\t\t\t<div class=\"elementor-widget-container\">\n\t\t\t\t\t\t\t\t\t<p>Madame, Monsieur,<\/p>\n\n<p>\nSuite aux \u00e9lections municipales, nous vous prions de nous transmettre \u00e0 travers cette plateforme, \n<strong>les coordonn\u00e9es des conseillers municipaux de votre commune qui ont \u00e9t\u00e9 d\u00e9sign\u00e9s comme d\u00e9l\u00e9gu\u00e9s au Syndicat D\u00e9partemental d\u2019Energie du Tarn (SDET).<\/strong>\n<\/p>\n\n<p>\nAfin de saisir ces informations, munissez-vous de \n<b>l\u2019identifiant<\/b> (<b>code INSEE de la commune<\/b>) et du \n<b>mot de passe (six chiffres)<\/b> que nous vous avons communiqu\u00e9 par courrier postal.\n<\/p>\n\n<p>\nPour information, cette plateforme vous permettra \u00e9galement de nous communiquer les contacts de l\u2019ensemble des membres de votre conseil municipal, en conformit\u00e9 avec l\u2019article L. 5211 &#8211; 40 \u2013 2 du CGCT visant \u00e0 favoriser la circulation de l\u2019information entre les intercommunalit\u00e9s et les conseillers municipaux des communes adh\u00e9rentes.\n<\/p>\n\n<p style=\"font-size: 10px; font-style: italic;\">\nPlateforme num\u00e9rique en conformit\u00e9 avec les r\u00e8gles de protection des donn\u00e9es (Loi RGPD du 20 juin 2018) :\n<\/p>\n\n<ul style=\"font-size: 10px; font-style: italic;\">\n    <li>Utilisation des donn\u00e9es sur la dur\u00e9e du mandat uniquement<\/li>\n    <li>Aucun usage commercial des donn\u00e9es<\/li>\n<\/ul>\t\t\t\t\t\t\t\t<\/div>\n\t\t\t\t<\/div>\n\t\t\t\t\t<\/div>\n\t\t<\/div>\n\t\t\t\t\t<\/div>\n\t\t<\/section>\n\t\t\t\t<section class=\"elementor-section elementor-top-section elementor-element elementor-element-c6e0356 elementor-section-boxed elementor-section-height-default elementor-section-height-default\" data-id=\"c6e0356\" data-element_type=\"section\" data-e-type=\"section\">\n\t\t\t\t\t\t<div class=\"elementor-container elementor-column-gap-default\">\n\t\t\t\t\t<div class=\"elementor-column elementor-col-100 elementor-top-column elementor-element elementor-element-17a28a7\" data-id=\"17a28a7\" data-element_type=\"column\" data-e-type=\"column\">\n\t\t\t<div class=\"elementor-widget-wrap elementor-element-populated\">\n\t\t\t\t\t\t<div class=\"elementor-element elementor-element-8723809 elementor-widget elementor-widget-heading\" data-id=\"8723809\" data-element_type=\"widget\" data-e-type=\"widget\" data-widget_type=\"heading.default\">\n\t\t\t\t<div class=\"elementor-widget-container\">\n\t\t\t\t\t<h1 class=\"elementor-heading-title elementor-size-medium\"><h1>Connexion<\/h1>\t\t\t\t<\/div>\n\t\t\t\t<\/div>\n\t\t\t\t\t<\/div>\n\t\t<\/div>\n\t\t\t\t\t<\/div>\n\t\t<\/section>\n\t\t\t\t<section class=\"elementor-section elementor-top-section elementor-element elementor-element-45b5ab3 elementor-section-boxed elementor-section-height-default elementor-section-height-default\" data-id=\"45b5ab3\" data-element_type=\"section\" data-e-type=\"section\">\n\t\t\t\t\t\t<div class=\"elementor-container elementor-column-gap-default\">\n\t\t\t\t\t<div class=\"elementor-column elementor-col-100 elementor-top-column elementor-element elementor-element-06772d9\" data-id=\"06772d9\" data-element_type=\"column\" data-e-type=\"column\">\n\t\t\t<div class=\"elementor-widget-wrap elementor-element-populated\">\n\t\t\t\t\t\t<div class=\"elementor-element elementor-element-1e0b359 elementor-widget elementor-widget-text-editor\" data-id=\"1e0b359\" data-element_type=\"widget\" data-e-type=\"widget\" data-widget_type=\"text-editor.default\">\n\t\t\t\t<div class=\"elementor-widget-container\">\n\t\t\t\t\t\t\t\t\t<div id=\"pdbx-login\" class=\"form-horizontal\">  <form method=\"post\" >\n        <input  type=\"hidden\" name=\"pdbx-ser\" value=\"5\" \/>\n    <input  type=\"hidden\" name=\"form\" value=\"pdbx-login\" \/>\n    <div class=\"control-group\">\n      <label class=\"control-label\" for=\"login_name\" >Code commune INSEE<\/label>\n      <div class=\"controls\">\n        <input type=\"text\" name=\"insee\" value=\"\"  \/>\n      <\/div>\n    <\/div>\n            <div class=\"control-group\">\n      <label class=\"control-label\" for=\"login_password\" >Mot de passe<\/label>\n      <div class=\"controls\">\n        <input type=\"password\" name=\"mot_de_passe\" value=\"\" \/>\n      <\/div>\n    <\/div>\n        <div class=\"control-group\">\n      <div class=\"controls\">\n        <input type=\"submit\" name=\"submit\" value=\"Connexion\" \/><div class=\"retrieve-link\"><\/div>\n      <\/div>\n    <\/div>\n  <\/form>\n<\/div>\t\t\t\t\t\t\t\t<\/div>\n\t\t\t\t<\/div>\n\t\t\t\t\t<\/div>\n\t\t<\/div>\n\t\t\t\t\t<\/div>\n\t\t<\/section>\n\t\t\t\t<\/div>\n\t\t","protected":false},"excerpt":{"rendered":"<p>Bienvenue sur la page de recensement des d\u00e9l\u00e9gu\u00e9s au SDET et des conseillers municipaux du Tarn Madame, Monsieur, Suite aux \u00e9lections municipales, nous vous prions de nous transmettre \u00e0 travers cette plateforme, les coordonn\u00e9es des conseillers municipaux de votre commune qui ont \u00e9t\u00e9 d\u00e9sign\u00e9s comme d\u00e9l\u00e9gu\u00e9s au Syndicat D\u00e9partemental d\u2019Energie du Tarn (SDET). Afin de saisir ces informations, munissez-vous de l\u2019identifiant (code INSEE de la commune) et du mot de passe (six chiffres) que nous vous avons communiqu\u00e9 par courrier postal. Pour information, cette plateforme vous permettra \u00e9galement de nous communiquer les contacts de l\u2019ensemble des membres de votre conseil municipal, en conformit\u00e9 avec l\u2019article L. 5211 &#8211; 40 \u2013 2 du CGCT visant \u00e0 favoriser la circulation de l\u2019information entre les intercommunalit\u00e9s et les conseillers municipaux des communes adh\u00e9rentes. Plateforme num\u00e9rique en conformit\u00e9 avec les r\u00e8gles de protection des donn\u00e9es (Loi RGPD du 20 juin 2018) : Utilisation des&hellip;<\/p>\n<p> <a class=\"more-link\" href=\"https:\/\/election.te81.fr\/\">Lire la suite<\/a><\/p>\n","protected":false},"author":1,"featured_media":0,"parent":0,"menu_order":0,"comment_status":"closed","ping_status":"closed","template":"","meta":{"footnotes":""},"class_list":["post-19","page","type-page","status-publish"],"_links":{"self":[{"href":"https:\/\/election.te81.fr\/index.php?rest_route=\/wp\/v2\/pages\/19","targetHints":{"allow":["GET"]}}],"collection":[{"href":"https:\/\/election.te81.fr\/index.php?rest_route=\/wp\/v2\/pages"}],"about":[{"href":"https:\/\/election.te81.fr\/index.php?rest_route=\/wp\/v2\/types\/page"}],"author":[{"embeddable":true,"href":"https:\/\/election.te81.fr\/index.php?rest_route=\/wp\/v2\/users\/1"}],"replies":[{"embeddable":true,"href":"https:\/\/election.te81.fr\/index.php?rest_route=%2Fwp%2Fv2%2Fcomments&post=19"}],"version-history":[{"count":37,"href":"https:\/\/election.te81.fr\/index.php?rest_route=\/wp\/v2\/pages\/19\/revisions"}],"predecessor-version":[{"id":151,"href":"https:\/\/election.te81.fr\/index.php?rest_route=\/wp\/v2\/pages\/19\/revisions\/151"}],"wp:attachment":[{"href":"https:\/\/election.te81.fr\/index.php?rest_route=%2Fwp%2Fv2%2Fmedia&parent=19"}],"curies":[{"name":"wp","href":"https:\/\/api.w.org\/{rel}","templated":true}]}}